{"id":17,"date":"2026-04-15T07:10:09","date_gmt":"2026-04-15T07:10:09","guid":{"rendered":"https:\/\/fotoimpresaestudio.com\/?page_id=17"},"modified":"2026-04-15T07:10:09","modified_gmt":"2026-04-15T07:10:09","slug":"contacto","status":"publish","type":"page","link":"https:\/\/fotoimpresaestudio.com\/?page_id=17","title":{"rendered":"Contacto"},"content":{"rendered":"\n<p>Esta es una p\u00e1gina con informaci\u00f3n de contacto b\u00e1sica, como la direcci\u00f3n y el n\u00famero de tel\u00e9fono. Incluso puedes probar un plugin para a\u00f1adir un formulario de contacto.<\/p>\n","protected":false},"excerpt":{"rendered":"<p>Esta es una p\u00e1gina con informaci\u00f3n de contacto b\u00e1sica, como la direcci\u00f3n y el n\u00famero de tel\u00e9fono. Incluso puedes probar un plugin para a\u00f1adir un formulario de contacto.<\/p>\n","protected":false},"author":1,"featured_media":0,"parent":0,"menu_order":0,"comment_status":"closed","ping_status":"closed","template":"","meta":{"footnotes":""},"class_list":["post-17","page","type-page","status-publish","hentry","entry"],"yoast_head":"<!-- This site is optimized with the Yoast SEO plugin v27.4 - https:\/\/yoast.com\/product\/yoast-seo-wordpress\/ -->\n<title>Contacto - Fotoimpresa Estudio<\/title>\n<meta name=\"robots\" content=\"index, follow, max-snippet:-1, max-image-preview:large, max-video-preview:-1\" \/>\n<link rel=\"canonical\" href=\"https:\/\/fotoimpresaestudio.com\/?page_id=17\" \/>\n<meta property=\"og:locale\" content=\"es_ES\" \/>\n<meta property=\"og:type\" content=\"article\" \/>\n<meta property=\"og:title\" content=\"Contacto - Fotoimpresa Estudio\" \/>\n<meta property=\"og:description\" content=\"Esta es una p\u00e1gina con informaci\u00f3n de contacto b\u00e1sica, como la direcci\u00f3n y el n\u00famero de tel\u00e9fono. Incluso puedes probar un plugin para a\u00f1adir un formulario de contacto.\" \/>\n<meta property=\"og:url\" content=\"https:\/\/fotoimpresaestudio.com\/?page_id=17\" \/>\n<meta property=\"og:site_name\" content=\"Fotoimpresa Estudio\" \/>\n<meta name=\"twitter:card\" content=\"summary_large_image\" \/>\n<script type=\"application\/ld+json\" class=\"yoast-schema-graph\">{\"@context\":\"https:\\\/\\\/schema.org\",\"@graph\":[{\"@type\":\"WebPage\",\"@id\":\"https:\\\/\\\/fotoimpresaestudio.com\\\/?page_id=17\",\"url\":\"https:\\\/\\\/fotoimpresaestudio.com\\\/?page_id=17\",\"name\":\"Contacto - Fotoimpresa Estudio\",\"isPartOf\":{\"@id\":\"https:\\\/\\\/fotoimpresaestudio.com\\\/#website\"},\"datePublished\":\"2026-04-15T07:10:09+00:00\",\"breadcrumb\":{\"@id\":\"https:\\\/\\\/fotoimpresaestudio.com\\\/?page_id=17#breadcrumb\"},\"inLanguage\":\"es\",\"potentialAction\":[{\"@type\":\"ReadAction\",\"target\":[\"https:\\\/\\\/fotoimpresaestudio.com\\\/?page_id=17\"]}]},{\"@type\":\"BreadcrumbList\",\"@id\":\"https:\\\/\\\/fotoimpresaestudio.com\\\/?page_id=17#breadcrumb\",\"itemListElement\":[{\"@type\":\"ListItem\",\"position\":1,\"name\":\"Portada\",\"item\":\"https:\\\/\\\/fotoimpresaestudio.com\\\/\"},{\"@type\":\"ListItem\",\"position\":2,\"name\":\"Contacto\"}]},{\"@type\":\"WebSite\",\"@id\":\"https:\\\/\\\/fotoimpresaestudio.com\\\/#website\",\"url\":\"https:\\\/\\\/fotoimpresaestudio.com\\\/\",\"name\":\"Fotoimpresa Estudio\",\"description\":\"\",\"potentialAction\":[{\"@type\":\"SearchAction\",\"target\":{\"@type\":\"EntryPoint\",\"urlTemplate\":\"https:\\\/\\\/fotoimpresaestudio.com\\\/?s={search_term_string}\"},\"query-input\":{\"@type\":\"PropertyValueSpecification\",\"valueRequired\":true,\"valueName\":\"search_term_string\"}}],\"inLanguage\":\"es\"}]}<\/script>\n<!-- \/ Yoast SEO plugin. -->","yoast_head_json":{"title":"Contacto - Fotoimpresa Estudio","robots":{"index":"index","follow":"follow","max-snippet":"max-snippet:-1","max-image-preview":"max-image-preview:large","max-video-preview":"max-video-preview:-1"},"canonical":"https:\/\/fotoimpresaestudio.com\/?page_id=17","og_locale":"es_ES","og_type":"article","og_title":"Contacto - Fotoimpresa Estudio","og_description":"Esta es una p\u00e1gina con informaci\u00f3n de contacto b\u00e1sica, como la direcci\u00f3n y el n\u00famero de tel\u00e9fono. Incluso puedes probar un plugin para a\u00f1adir un formulario de contacto.","og_url":"https:\/\/fotoimpresaestudio.com\/?page_id=17","og_site_name":"Fotoimpresa Estudio","twitter_card":"summary_large_image","schema":{"@context":"https:\/\/schema.org","@graph":[{"@type":"WebPage","@id":"https:\/\/fotoimpresaestudio.com\/?page_id=17","url":"https:\/\/fotoimpresaestudio.com\/?page_id=17","name":"Contacto - Fotoimpresa Estudio","isPartOf":{"@id":"https:\/\/fotoimpresaestudio.com\/#website"},"datePublished":"2026-04-15T07:10:09+00:00","breadcrumb":{"@id":"https:\/\/fotoimpresaestudio.com\/?page_id=17#breadcrumb"},"inLanguage":"es","potentialAction":[{"@type":"ReadAction","target":["https:\/\/fotoimpresaestudio.com\/?page_id=17"]}]},{"@type":"BreadcrumbList","@id":"https:\/\/fotoimpresaestudio.com\/?page_id=17#breadcrumb","itemListElement":[{"@type":"ListItem","position":1,"name":"Portada","item":"https:\/\/fotoimpresaestudio.com\/"},{"@type":"ListItem","position":2,"name":"Contacto"}]},{"@type":"WebSite","@id":"https:\/\/fotoimpresaestudio.com\/#website","url":"https:\/\/fotoimpresaestudio.com\/","name":"Fotoimpresa Estudio","description":"","potentialAction":[{"@type":"SearchAction","target":{"@type":"EntryPoint","urlTemplate":"https:\/\/fotoimpresaestudio.com\/?s={search_term_string}"},"query-input":{"@type":"PropertyValueSpecification","valueRequired":true,"valueName":"search_term_string"}}],"inLanguage":"es"}]}},"_links":{"self":[{"href":"https:\/\/fotoimpresaestudio.com\/index.php?rest_route=\/wp\/v2\/pages\/17","targetHints":{"allow":["GET"]}}],"collection":[{"href":"https:\/\/fotoimpresaestudio.com\/index.php?rest_route=\/wp\/v2\/pages"}],"about":[{"href":"https:\/\/fotoimpresaestudio.com\/index.php?rest_route=\/wp\/v2\/types\/page"}],"author":[{"embeddable":true,"href":"https:\/\/fotoimpresaestudio.com\/index.php?rest_route=\/wp\/v2\/users\/1"}],"replies":[{"embeddable":true,"href":"https:\/\/fotoimpresaestudio.com\/index.php?rest_route=%2Fwp%2Fv2%2Fcomments&post=17"}],"version-history":[{"count":1,"href":"https:\/\/fotoimpresaestudio.com\/index.php?rest_route=\/wp\/v2\/pages\/17\/revisions"}],"predecessor-version":[{"id":22,"href":"https:\/\/fotoimpresaestudio.com\/index.php?rest_route=\/wp\/v2\/pages\/17\/revisions\/22"}],"wp:attachment":[{"href":"https:\/\/fotoimpresaestudio.com\/index.php?rest_route=%2Fwp%2Fv2%2Fmedia&parent=17"}],"curies":[{"name":"wp","href":"https:\/\/api.w.org\/{rel}","templated":true}]}}